{"id":116,"date":"2025-05-01T12:40:09","date_gmt":"2025-05-01T12:40:09","guid":{"rendered":"https:\/\/www.xn--speciallgejacobhasselbalch-6ic.dk\/?page_id=116"},"modified":"2025-09-29T18:02:49","modified_gmt":"2025-09-29T18:02:49","slug":"sikkerhed-i-klinikken","status":"publish","type":"page","link":"https:\/\/www.xn--speciallgejacobhasselbalch-6ic.dk\/?page_id=116","title":{"rendered":"Sikkerhed i klinikken"},"content":{"rendered":"\t\t<div data-elementor-type=\"wp-page\" data-elementor-id=\"116\" class=\"elementor elementor-116\" data-elementor-post-type=\"page\">\n\t\t\t\t<div class=\"elementor-element elementor-element-25b28a5 e-flex e-con-boxed e-con e-parent\" data-id=\"25b28a5\" data-element_type=\"container\" data-e-type=\"container\">\n\t\t\t\t\t<div class=\"e-con-inner\">\n\t\t\t\t<div class=\"elementor-element elementor-element-a401b33 elementor-widget elementor-widget-spacer\" data-id=\"a401b33\" data-element_type=\"widget\" data-e-type=\"widget\" data-widget_type=\"spacer.default\">\n\t\t\t\t<div class=\"elementor-widget-container\">\n\t\t\t\t\t\t\t<div class=\"elementor-spacer\">\n\t\t\t<div class=\"elementor-spacer-inner\"><\/div>\n\t\t<\/div>\n\t\t\t\t\t\t<\/div>\n\t\t\t\t<\/div>\n\t\t\t\t<div class=\"elementor-element elementor-element-def635a elementor-widget elementor-widget-heading\" data-id=\"def635a\" data-element_type=\"widget\" data-e-type=\"widget\" data-widget_type=\"heading.default\">\n\t\t\t\t<div class=\"elementor-widget-container\">\n\t\t\t\t\t<h2 class=\"elementor-heading-title elementor-size-default\">Sikkerhed i klinikken<\/h2>\t\t\t\t<\/div>\n\t\t\t\t<\/div>\n\t\t\t\t\t<\/div>\n\t\t\t\t<\/div>\n\t\t<div class=\"elementor-element elementor-element-1e64739 e-flex e-con-boxed e-con e-parent\" data-id=\"1e64739\" data-element_type=\"container\" data-e-type=\"container\">\n\t\t\t\t\t<div class=\"e-con-inner\">\n\t\t\t\t<div class=\"elementor-element elementor-element-53915df elementor-widget elementor-widget-text-editor\" data-id=\"53915df\" data-element_type=\"widget\" data-e-type=\"widget\" data-widget_type=\"text-editor.default\">\n\t\t\t\t<div class=\"elementor-widget-container\">\n\t\t\t\t\t\t\t\t\t<p>\u00a0<\/p><p>Vi tager gerne imod kritik eller forslag til forbedringer<\/p><p>N\u00e5r noget g\u00e5r galt i forbindelse med sundhedsfaglige opgaver, kaldes det en utilsigtet h\u00e6ndelse (UTH). Siden 2004 har det v\u00e6ret muligt at rapportere UTH til Dansk Patientsikkerhedsdatabase (DPSD). Det overordnede m\u00e5l med at rapportere UTH er at forbedre patientsikkerheden og underst\u00f8tte en sikkerhedskultur i sundhedsv\u00e6senet<\/p><p>Bivirkninger kan ligeledes af b\u00e5de patient og l\u00e6ge indberettes til L\u00e6gemiddelstyrelsen<\/p>\t\t\t\t\t\t\t\t<\/div>\n\t\t\t\t<\/div>\n\t\t\t\t\t<\/div>\n\t\t\t\t<\/div>\n\t\t<div class=\"elementor-element elementor-element-638f9a7 e-flex e-con-boxed e-con e-parent\" data-id=\"638f9a7\" data-element_type=\"container\" data-e-type=\"container\">\n\t\t\t\t\t<div class=\"e-con-inner\">\n\t\t\t\t\t<\/div>\n\t\t\t\t<\/div>\n\t\t<div class=\"elementor-element elementor-element-c21a9fb e-flex e-con-boxed e-con e-parent\" data-id=\"c21a9fb\" data-element_type=\"container\" data-e-type=\"container\">\n\t\t\t\t\t<div class=\"e-con-inner\">\n\t\t\t\t<div class=\"elementor-element elementor-element-591b747 elementor-widget elementor-widget-heading\" data-id=\"591b747\" data-element_type=\"widget\" data-e-type=\"widget\" data-widget_type=\"heading.default\">\n\t\t\t\t<div class=\"elementor-widget-container\">\n\t\t\t\t\t<h2 class=\"elementor-heading-title elementor-size-default\">Om anmeldelser p\u00e5 nettet<\/h2>\t\t\t\t<\/div>\n\t\t\t\t<\/div>\n\t\t\t\t<div class=\"elementor-element elementor-element-5b2851f elementor-widget elementor-widget-text-editor\" data-id=\"5b2851f\" data-element_type=\"widget\" data-e-type=\"widget\" data-widget_type=\"text-editor.default\">\n\t\t\t\t<div class=\"elementor-widget-container\">\n\t\t\t\t\t\t\t\t\t<p>Som speciall\u00e6ge i psykiatri er jeg underlagt tavshedspligt, lovgivning og faglige retningslinjer \u2013 f.eks. ved udredning og ved behandling med centralstimulerende medicin. Det betyder, at jeg altid skal handle i overensstemmelse med disse krav, og derfor ikke kan im\u00f8dekomme \u00f8nsker, som strider mod g\u00e6ldende regler.<\/p><p>I de senere \u00e5r er det desv\u00e6rre blevet et stigende problem, at l\u00e6ger uds\u00e6ttes for urimelige og negative anmeldelser p\u00e5 nettet. For kommende patienter, jeg selv og for mine n\u00e6re kan den form for omtale skabe b\u00e5de utryghed og usikkerhed. L\u00e6geforeningen har ogs\u00e5 udtrykt stor bekymring for denne udvikling.<\/p><p>Jeg tager altid kritik af mit faglige virke alvorligt, men beder om, at sp\u00f8rgsm\u00e5l eller bekymringer rettes direkte til mig fremfor via offentlige platforme.<\/p><p>Alle patienter i min klinik bliver m\u00f8dt med respekt og ordentlighed. Skulle omtale udvikle sig til chikane eller trusler, forbeholder jeg mig retten til at inddrage L\u00e6geforeningen og om n\u00f8dvendigt politiet for at beskytte b\u00e5de mig selv, mine n\u00e6re og mit omd\u00f8mme.<\/p>\t\t\t\t\t\t\t\t<\/div>\n\t\t\t\t<\/div>\n\t\t\t\t\t<\/div>\n\t\t\t\t<\/div>\n\t\t\t\t<\/div>\n\t\t","protected":false},"excerpt":{"rendered":"<p>Sikkerhed i klinikken \u00a0 Vi tager gerne imod kritik eller forslag til forbedringer N\u00e5r noget g\u00e5r galt i forbindelse med sundhedsfaglige opgaver, kaldes det en utilsigtet h\u00e6ndelse (UTH). Siden 2004 har det v\u00e6ret muligt at rapportere UTH til Dansk Patientsikkerhedsdatabase (DPSD). Det overordnede m\u00e5l med at rapportere UTH er at forbedre patientsikkerheden og underst\u00f8tte en [&hellip;]<\/p>\n","protected":false},"author":1,"featured_media":0,"parent":0,"menu_order":0,"comment_status":"closed","ping_status":"closed","template":"","meta":{"footnotes":""},"class_list":["post-116","page","type-page","status-publish","hentry"],"yoast_head":"<!-- This site is optimized with the Yoast SEO plugin v27.4 - https:\/\/yoast.com\/product\/yoast-seo-wordpress\/ -->\n<title>Sikkerhed i klinikken Speciall\u00e6ge Jacob Hasselbalch - Speciall\u00e6ge Jacob Hasselbalch<\/title>\n<meta name=\"description\" content=\"Speciall\u00e6ge i psykiatri Jacob Hasselbalch. Privatpraktiserende speciall\u00e6ge siden for\u00e5ret 2019. Jeg har tidligere bl.a. v\u00e6ret overl\u00e6ge i hospitalspsykiatrien og jeg har en bred klinisk erfaring.\" \/>\n<meta name=\"robots\" content=\"index, follow, max-snippet:-1, max-image-preview:large, max-video-preview:-1\" \/>\n<link rel=\"canonical\" href=\"https:\/\/www.xn--speciallgejacobhasselbalch-6ic.dk\/?page_id=116\" \/>\n<meta property=\"og:locale\" content=\"da_DK\" \/>\n<meta property=\"og:type\" content=\"article\" \/>\n<meta property=\"og:title\" content=\"Sikkerhed i klinikken Speciall\u00e6ge Jacob Hasselbalch - Speciall\u00e6ge Jacob Hasselbalch\" \/>\n<meta property=\"og:description\" content=\"Speciall\u00e6ge i psykiatri Jacob Hasselbalch. Privatpraktiserende speciall\u00e6ge siden for\u00e5ret 2019. Jeg har tidligere bl.a. v\u00e6ret overl\u00e6ge i hospitalspsykiatrien og jeg har en bred klinisk erfaring.\" \/>\n<meta property=\"og:url\" content=\"https:\/\/www.xn--speciallgejacobhasselbalch-6ic.dk\/?page_id=116\" \/>\n<meta property=\"og:site_name\" content=\"Speciall\u00e6ge Jacob Hasselbalch\" \/>\n<meta property=\"article:modified_time\" content=\"2025-09-29T18:02:49+00:00\" \/>\n<meta name=\"twitter:card\" content=\"summary_large_image\" \/>\n<meta name=\"twitter:label1\" content=\"Estimeret l\u00e6setid\" \/>\n\t<meta name=\"twitter:data1\" content=\"2 minutter\" \/>\n<script type=\"application\/ld+json\" class=\"yoast-schema-graph\">{\"@context\":\"https:\\\/\\\/schema.org\",\"@graph\":[{\"@type\":\"WebPage\",\"@id\":\"https:\\\/\\\/www.xn--speciallgejacobhasselbalch-6ic.dk\\\/?page_id=116\",\"url\":\"https:\\\/\\\/www.xn--speciallgejacobhasselbalch-6ic.dk\\\/?page_id=116\",\"name\":\"Sikkerhed i klinikken Speciall\u00e6ge Jacob Hasselbalch - Speciall\u00e6ge Jacob Hasselbalch\",\"isPartOf\":{\"@id\":\"https:\\\/\\\/www.xn--speciallgejacobhasselbalch-6ic.dk\\\/#website\"},\"datePublished\":\"2025-05-01T12:40:09+00:00\",\"dateModified\":\"2025-09-29T18:02:49+00:00\",\"description\":\"Speciall\u00e6ge i psykiatri Jacob Hasselbalch. Privatpraktiserende speciall\u00e6ge siden for\u00e5ret 2019. Jeg har tidligere bl.a. v\u00e6ret overl\u00e6ge i hospitalspsykiatrien og jeg har en bred klinisk erfaring.\",\"breadcrumb\":{\"@id\":\"https:\\\/\\\/www.xn--speciallgejacobhasselbalch-6ic.dk\\\/?page_id=116#breadcrumb\"},\"inLanguage\":\"da-DK\",\"potentialAction\":[{\"@type\":\"ReadAction\",\"target\":[\"https:\\\/\\\/www.xn--speciallgejacobhasselbalch-6ic.dk\\\/?page_id=116\"]}]},{\"@type\":\"BreadcrumbList\",\"@id\":\"https:\\\/\\\/www.xn--speciallgejacobhasselbalch-6ic.dk\\\/?page_id=116#breadcrumb\",\"itemListElement\":[{\"@type\":\"ListItem\",\"position\":1,\"name\":\"Hjem\",\"item\":\"https:\\\/\\\/www.xn--speciallgejacobhasselbalch-6ic.dk\\\/\"},{\"@type\":\"ListItem\",\"position\":2,\"name\":\"Sikkerhed i klinikken\"}]},{\"@type\":\"WebSite\",\"@id\":\"https:\\\/\\\/www.xn--speciallgejacobhasselbalch-6ic.dk\\\/#website\",\"url\":\"https:\\\/\\\/www.xn--speciallgejacobhasselbalch-6ic.dk\\\/\",\"name\":\"Speciall\u00e6geJacobHasselbalch.dk\",\"description\":\"Speciall\u00e6ge i psykiatri\",\"potentialAction\":[{\"@type\":\"SearchAction\",\"target\":{\"@type\":\"EntryPoint\",\"urlTemplate\":\"https:\\\/\\\/www.xn--speciallgejacobhasselbalch-6ic.dk\\\/?s={search_term_string}\"},\"query-input\":{\"@type\":\"PropertyValueSpecification\",\"valueRequired\":true,\"valueName\":\"search_term_string\"}}],\"inLanguage\":\"da-DK\"}]}<\/script>\n<!-- \/ Yoast SEO plugin. -->","yoast_head_json":{"title":"Sikkerhed i klinikken Speciall\u00e6ge Jacob Hasselbalch - Speciall\u00e6ge Jacob Hasselbalch","description":"Speciall\u00e6ge i psykiatri Jacob Hasselbalch. Privatpraktiserende speciall\u00e6ge siden for\u00e5ret 2019. Jeg har tidligere bl.a. v\u00e6ret overl\u00e6ge i hospitalspsykiatrien og jeg har en bred klinisk erfaring.","robots":{"index":"index","follow":"follow","max-snippet":"max-snippet:-1","max-image-preview":"max-image-preview:large","max-video-preview":"max-video-preview:-1"},"canonical":"https:\/\/www.xn--speciallgejacobhasselbalch-6ic.dk\/?page_id=116","og_locale":"da_DK","og_type":"article","og_title":"Sikkerhed i klinikken Speciall\u00e6ge Jacob Hasselbalch - Speciall\u00e6ge Jacob Hasselbalch","og_description":"Speciall\u00e6ge i psykiatri Jacob Hasselbalch. Privatpraktiserende speciall\u00e6ge siden for\u00e5ret 2019. Jeg har tidligere bl.a. v\u00e6ret overl\u00e6ge i hospitalspsykiatrien og jeg har en bred klinisk erfaring.","og_url":"https:\/\/www.xn--speciallgejacobhasselbalch-6ic.dk\/?page_id=116","og_site_name":"Speciall\u00e6ge Jacob Hasselbalch","article_modified_time":"2025-09-29T18:02:49+00:00","twitter_card":"summary_large_image","twitter_misc":{"Estimeret l\u00e6setid":"2 minutter"},"schema":{"@context":"https:\/\/schema.org","@graph":[{"@type":"WebPage","@id":"https:\/\/www.xn--speciallgejacobhasselbalch-6ic.dk\/?page_id=116","url":"https:\/\/www.xn--speciallgejacobhasselbalch-6ic.dk\/?page_id=116","name":"Sikkerhed i klinikken Speciall\u00e6ge Jacob Hasselbalch - Speciall\u00e6ge Jacob Hasselbalch","isPartOf":{"@id":"https:\/\/www.xn--speciallgejacobhasselbalch-6ic.dk\/#website"},"datePublished":"2025-05-01T12:40:09+00:00","dateModified":"2025-09-29T18:02:49+00:00","description":"Speciall\u00e6ge i psykiatri Jacob Hasselbalch. Privatpraktiserende speciall\u00e6ge siden for\u00e5ret 2019. Jeg har tidligere bl.a. v\u00e6ret overl\u00e6ge i hospitalspsykiatrien og jeg har en bred klinisk erfaring.","breadcrumb":{"@id":"https:\/\/www.xn--speciallgejacobhasselbalch-6ic.dk\/?page_id=116#breadcrumb"},"inLanguage":"da-DK","potentialAction":[{"@type":"ReadAction","target":["https:\/\/www.xn--speciallgejacobhasselbalch-6ic.dk\/?page_id=116"]}]},{"@type":"BreadcrumbList","@id":"https:\/\/www.xn--speciallgejacobhasselbalch-6ic.dk\/?page_id=116#breadcrumb","itemListElement":[{"@type":"ListItem","position":1,"name":"Hjem","item":"https:\/\/www.xn--speciallgejacobhasselbalch-6ic.dk\/"},{"@type":"ListItem","position":2,"name":"Sikkerhed i klinikken"}]},{"@type":"WebSite","@id":"https:\/\/www.xn--speciallgejacobhasselbalch-6ic.dk\/#website","url":"https:\/\/www.xn--speciallgejacobhasselbalch-6ic.dk\/","name":"Speciall\u00e6geJacobHasselbalch.dk","description":"Speciall\u00e6ge i psykiatri","potentialAction":[{"@type":"SearchAction","target":{"@type":"EntryPoint","urlTemplate":"https:\/\/www.xn--speciallgejacobhasselbalch-6ic.dk\/?s={search_term_string}"},"query-input":{"@type":"PropertyValueSpecification","valueRequired":true,"valueName":"search_term_string"}}],"inLanguage":"da-DK"}]}},"_links":{"self":[{"href":"https:\/\/www.xn--speciallgejacobhasselbalch-6ic.dk\/index.php?rest_route=\/wp\/v2\/pages\/116","targetHints":{"allow":["GET"]}}],"collection":[{"href":"https:\/\/www.xn--speciallgejacobhasselbalch-6ic.dk\/index.php?rest_route=\/wp\/v2\/pages"}],"about":[{"href":"https:\/\/www.xn--speciallgejacobhasselbalch-6ic.dk\/index.php?rest_route=\/wp\/v2\/types\/page"}],"author":[{"embeddable":true,"href":"https:\/\/www.xn--speciallgejacobhasselbalch-6ic.dk\/index.php?rest_route=\/wp\/v2\/users\/1"}],"replies":[{"embeddable":true,"href":"https:\/\/www.xn--speciallgejacobhasselbalch-6ic.dk\/index.php?rest_route=%2Fwp%2Fv2%2Fcomments&post=116"}],"version-history":[{"count":64,"href":"https:\/\/www.xn--speciallgejacobhasselbalch-6ic.dk\/index.php?rest_route=\/wp\/v2\/pages\/116\/revisions"}],"predecessor-version":[{"id":756,"href":"https:\/\/www.xn--speciallgejacobhasselbalch-6ic.dk\/index.php?rest_route=\/wp\/v2\/pages\/116\/revisions\/756"}],"wp:attachment":[{"href":"https:\/\/www.xn--speciallgejacobhasselbalch-6ic.dk\/index.php?rest_route=%2Fwp%2Fv2%2Fmedia&parent=116"}],"curies":[{"name":"wp","href":"https:\/\/api.w.org\/{rel}","templated":true}]}}