{"id":151,"date":"2025-05-01T13:06:21","date_gmt":"2025-05-01T13:06:21","guid":{"rendered":"https:\/\/www.xn--speciallgejacobhasselbalch-6ic.dk\/?page_id=151"},"modified":"2025-05-19T12:59:35","modified_gmt":"2025-05-19T12:59:35","slug":"videokonsultation","status":"publish","type":"page","link":"https:\/\/www.xn--speciallgejacobhasselbalch-6ic.dk\/?page_id=151","title":{"rendered":"Videokonsultation"},"content":{"rendered":"\t\t<div data-elementor-type=\"wp-page\" data-elementor-id=\"151\" class=\"elementor elementor-151\" data-elementor-post-type=\"page\">\n\t\t\t\t<div class=\"elementor-element elementor-element-7727bfc e-flex e-con-boxed e-con e-parent\" data-id=\"7727bfc\" data-element_type=\"container\" data-e-type=\"container\">\n\t\t\t\t\t<div class=\"e-con-inner\">\n\t\t\t\t<div class=\"elementor-element elementor-element-99156ad elementor-widget elementor-widget-spacer\" data-id=\"99156ad\" data-element_type=\"widget\" data-e-type=\"widget\" data-widget_type=\"spacer.default\">\n\t\t\t\t<div class=\"elementor-widget-container\">\n\t\t\t\t\t\t\t<div class=\"elementor-spacer\">\n\t\t\t<div class=\"elementor-spacer-inner\"><\/div>\n\t\t<\/div>\n\t\t\t\t\t\t<\/div>\n\t\t\t\t<\/div>\n\t\t\t\t<div class=\"elementor-element elementor-element-4156c0e elementor-widget elementor-widget-heading\" data-id=\"4156c0e\" data-element_type=\"widget\" data-e-type=\"widget\" data-widget_type=\"heading.default\">\n\t\t\t\t<div class=\"elementor-widget-container\">\n\t\t\t\t\t<h2 class=\"elementor-heading-title elementor-size-default\">Videokonsultation<\/h2>\t\t\t\t<\/div>\n\t\t\t\t<\/div>\n\t\t\t\t\t<\/div>\n\t\t\t\t<\/div>\n\t\t<div class=\"elementor-element elementor-element-798d42f e-flex e-con-boxed e-con e-parent\" data-id=\"798d42f\" data-element_type=\"container\" data-e-type=\"container\">\n\t\t\t\t\t<div class=\"e-con-inner\">\n\t\t\t\t<div class=\"elementor-element elementor-element-1c4f51d elementor-widget elementor-widget-spacer\" data-id=\"1c4f51d\" data-element_type=\"widget\" data-e-type=\"widget\" data-widget_type=\"spacer.default\">\n\t\t\t\t<div class=\"elementor-widget-container\">\n\t\t\t\t\t\t\t<div class=\"elementor-spacer\">\n\t\t\t<div class=\"elementor-spacer-inner\"><\/div>\n\t\t<\/div>\n\t\t\t\t\t\t<\/div>\n\t\t\t\t<\/div>\n\t\t\t\t<div class=\"elementor-element elementor-element-fff93a3 elementor-widget elementor-widget-text-editor\" data-id=\"fff93a3\" data-element_type=\"widget\" data-e-type=\"widget\" data-widget_type=\"text-editor.default\">\n\t\t\t\t<div class=\"elementor-widget-container\">\n\t\t\t\t\t\t\t\t\t<p>Der er efter forudg\u00e5ende aftale mulighed for videokonsultation via <a href=\"http:\/\/minlaegeapp.dk\/\">Min L\u00e6ge app<\/a><\/p><p>Vejledning finder du her:\u00a0<a href=\"https:\/\/minlaegeapp.dk\/guide-videokonsultation\/\" target=\"_blank\" rel=\"noopener\">S\u00e5dan bruger du Min L\u00e6ge<\/a><\/p><p>Bem\u00e6rk venligst at kun videokonsultationsfunktionen er tilg\u00e6ngelig i app&#8217;en i speciall\u00e6gepraksis. Henvendelser om f.eks. fornyelse af recepter og andre foresp\u00f8rgsler skal derfor ske direkte til klinikken<\/p>\t\t\t\t\t\t\t\t<\/div>\n\t\t\t\t<\/div>\n\t\t\t\t<div class=\"elementor-element elementor-element-8bf88e1 elementor-widget elementor-widget-spacer\" data-id=\"8bf88e1\" data-element_type=\"widget\" data-e-type=\"widget\" data-widget_type=\"spacer.default\">\n\t\t\t\t<div class=\"elementor-widget-container\">\n\t\t\t\t\t\t\t<div class=\"elementor-spacer\">\n\t\t\t<div class=\"elementor-spacer-inner\"><\/div>\n\t\t<\/div>\n\t\t\t\t\t\t<\/div>\n\t\t\t\t<\/div>\n\t\t\t\t\t<\/div>\n\t\t\t\t<\/div>\n\t\t<div class=\"elementor-element elementor-element-9ab5f8f e-flex e-con-boxed e-con e-parent\" data-id=\"9ab5f8f\" data-element_type=\"container\" data-e-type=\"container\">\n\t\t\t\t\t<div class=\"e-con-inner\">\n\t\t\t\t\t<\/div>\n\t\t\t\t<\/div>\n\t\t\t\t<\/div>\n\t\t","protected":false},"excerpt":{"rendered":"<p>Videokonsultation Der er efter forudg\u00e5ende aftale mulighed for videokonsultation via Min L\u00e6ge app Vejledning finder du her:\u00a0S\u00e5dan bruger du Min L\u00e6ge Bem\u00e6rk venligst at kun videokonsultationsfunktionen er tilg\u00e6ngelig i app&#8217;en i speciall\u00e6gepraksis. Henvendelser om f.eks. fornyelse af recepter og andre foresp\u00f8rgsler skal derfor ske direkte til klinikken<\/p>\n","protected":false},"author":1,"featured_media":0,"parent":0,"menu_order":0,"comment_status":"closed","ping_status":"closed","template":"","meta":{"footnotes":""},"class_list":["post-151","page","type-page","status-publish","hentry"],"yoast_head":"<!-- This site is optimized with the Yoast SEO plugin v27.4 - https:\/\/yoast.com\/product\/yoast-seo-wordpress\/ -->\n<title>Videokonsultation Speciall\u00e6ge Jacob Hasselbalch - Speciall\u00e6ge Jacob Hasselbalch<\/title>\n<meta name=\"description\" content=\"Speciall\u00e6ge i psykiatri Jacob Hasselbalch. Privatpraktiserende speciall\u00e6ge siden for\u00e5ret 2019. Jeg har tidligere bl.a. v\u00e6ret overl\u00e6ge i hospitalspsykiatrien og jeg har en bred klinisk erfaring.\" \/>\n<meta name=\"robots\" content=\"index, follow, max-snippet:-1, max-image-preview:large, max-video-preview:-1\" \/>\n<link rel=\"canonical\" href=\"https:\/\/www.xn--speciallgejacobhasselbalch-6ic.dk\/?page_id=151\" \/>\n<meta property=\"og:locale\" content=\"da_DK\" \/>\n<meta property=\"og:type\" content=\"article\" \/>\n<meta property=\"og:title\" content=\"Videokonsultation Speciall\u00e6ge Jacob Hasselbalch - Speciall\u00e6ge Jacob Hasselbalch\" \/>\n<meta property=\"og:description\" content=\"Speciall\u00e6ge i psykiatri Jacob Hasselbalch. Privatpraktiserende speciall\u00e6ge siden for\u00e5ret 2019. Jeg har tidligere bl.a. v\u00e6ret overl\u00e6ge i hospitalspsykiatrien og jeg har en bred klinisk erfaring.\" \/>\n<meta property=\"og:url\" content=\"https:\/\/www.xn--speciallgejacobhasselbalch-6ic.dk\/?page_id=151\" \/>\n<meta property=\"og:site_name\" content=\"Speciall\u00e6ge Jacob Hasselbalch\" \/>\n<meta property=\"article:modified_time\" content=\"2025-05-19T12:59:35+00:00\" \/>\n<meta name=\"twitter:card\" content=\"summary_large_image\" \/>\n<meta name=\"twitter:label1\" content=\"Estimeret l\u00e6setid\" \/>\n\t<meta name=\"twitter:data1\" content=\"1 minut\" \/>\n<script type=\"application\/ld+json\" class=\"yoast-schema-graph\">{\"@context\":\"https:\\\/\\\/schema.org\",\"@graph\":[{\"@type\":\"WebPage\",\"@id\":\"https:\\\/\\\/www.xn--speciallgejacobhasselbalch-6ic.dk\\\/?page_id=151\",\"url\":\"https:\\\/\\\/www.xn--speciallgejacobhasselbalch-6ic.dk\\\/?page_id=151\",\"name\":\"Videokonsultation Speciall\u00e6ge Jacob Hasselbalch - Speciall\u00e6ge Jacob Hasselbalch\",\"isPartOf\":{\"@id\":\"https:\\\/\\\/www.xn--speciallgejacobhasselbalch-6ic.dk\\\/#website\"},\"datePublished\":\"2025-05-01T13:06:21+00:00\",\"dateModified\":\"2025-05-19T12:59:35+00:00\",\"description\":\"Speciall\u00e6ge i psykiatri Jacob Hasselbalch. Privatpraktiserende speciall\u00e6ge siden for\u00e5ret 2019. Jeg har tidligere bl.a. v\u00e6ret overl\u00e6ge i hospitalspsykiatrien og jeg har en bred klinisk erfaring.\",\"breadcrumb\":{\"@id\":\"https:\\\/\\\/www.xn--speciallgejacobhasselbalch-6ic.dk\\\/?page_id=151#breadcrumb\"},\"inLanguage\":\"da-DK\",\"potentialAction\":[{\"@type\":\"ReadAction\",\"target\":[\"https:\\\/\\\/www.xn--speciallgejacobhasselbalch-6ic.dk\\\/?page_id=151\"]}]},{\"@type\":\"BreadcrumbList\",\"@id\":\"https:\\\/\\\/www.xn--speciallgejacobhasselbalch-6ic.dk\\\/?page_id=151#breadcrumb\",\"itemListElement\":[{\"@type\":\"ListItem\",\"position\":1,\"name\":\"Hjem\",\"item\":\"https:\\\/\\\/www.xn--speciallgejacobhasselbalch-6ic.dk\\\/\"},{\"@type\":\"ListItem\",\"position\":2,\"name\":\"Videokonsultation\"}]},{\"@type\":\"WebSite\",\"@id\":\"https:\\\/\\\/www.xn--speciallgejacobhasselbalch-6ic.dk\\\/#website\",\"url\":\"https:\\\/\\\/www.xn--speciallgejacobhasselbalch-6ic.dk\\\/\",\"name\":\"Speciall\u00e6geJacobHasselbalch.dk\",\"description\":\"Speciall\u00e6ge i psykiatri\",\"potentialAction\":[{\"@type\":\"SearchAction\",\"target\":{\"@type\":\"EntryPoint\",\"urlTemplate\":\"https:\\\/\\\/www.xn--speciallgejacobhasselbalch-6ic.dk\\\/?s={search_term_string}\"},\"query-input\":{\"@type\":\"PropertyValueSpecification\",\"valueRequired\":true,\"valueName\":\"search_term_string\"}}],\"inLanguage\":\"da-DK\"}]}<\/script>\n<!-- \/ Yoast SEO plugin. -->","yoast_head_json":{"title":"Videokonsultation Speciall\u00e6ge Jacob Hasselbalch - Speciall\u00e6ge Jacob Hasselbalch","description":"Speciall\u00e6ge i psykiatri Jacob Hasselbalch. Privatpraktiserende speciall\u00e6ge siden for\u00e5ret 2019. Jeg har tidligere bl.a. v\u00e6ret overl\u00e6ge i hospitalspsykiatrien og jeg har en bred klinisk erfaring.","robots":{"index":"index","follow":"follow","max-snippet":"max-snippet:-1","max-image-preview":"max-image-preview:large","max-video-preview":"max-video-preview:-1"},"canonical":"https:\/\/www.xn--speciallgejacobhasselbalch-6ic.dk\/?page_id=151","og_locale":"da_DK","og_type":"article","og_title":"Videokonsultation Speciall\u00e6ge Jacob Hasselbalch - Speciall\u00e6ge Jacob Hasselbalch","og_description":"Speciall\u00e6ge i psykiatri Jacob Hasselbalch. Privatpraktiserende speciall\u00e6ge siden for\u00e5ret 2019. Jeg har tidligere bl.a. v\u00e6ret overl\u00e6ge i hospitalspsykiatrien og jeg har en bred klinisk erfaring.","og_url":"https:\/\/www.xn--speciallgejacobhasselbalch-6ic.dk\/?page_id=151","og_site_name":"Speciall\u00e6ge Jacob Hasselbalch","article_modified_time":"2025-05-19T12:59:35+00:00","twitter_card":"summary_large_image","twitter_misc":{"Estimeret l\u00e6setid":"1 minut"},"schema":{"@context":"https:\/\/schema.org","@graph":[{"@type":"WebPage","@id":"https:\/\/www.xn--speciallgejacobhasselbalch-6ic.dk\/?page_id=151","url":"https:\/\/www.xn--speciallgejacobhasselbalch-6ic.dk\/?page_id=151","name":"Videokonsultation Speciall\u00e6ge Jacob Hasselbalch - Speciall\u00e6ge Jacob Hasselbalch","isPartOf":{"@id":"https:\/\/www.xn--speciallgejacobhasselbalch-6ic.dk\/#website"},"datePublished":"2025-05-01T13:06:21+00:00","dateModified":"2025-05-19T12:59:35+00:00","description":"Speciall\u00e6ge i psykiatri Jacob Hasselbalch. Privatpraktiserende speciall\u00e6ge siden for\u00e5ret 2019. Jeg har tidligere bl.a. v\u00e6ret overl\u00e6ge i hospitalspsykiatrien og jeg har en bred klinisk erfaring.","breadcrumb":{"@id":"https:\/\/www.xn--speciallgejacobhasselbalch-6ic.dk\/?page_id=151#breadcrumb"},"inLanguage":"da-DK","potentialAction":[{"@type":"ReadAction","target":["https:\/\/www.xn--speciallgejacobhasselbalch-6ic.dk\/?page_id=151"]}]},{"@type":"BreadcrumbList","@id":"https:\/\/www.xn--speciallgejacobhasselbalch-6ic.dk\/?page_id=151#breadcrumb","itemListElement":[{"@type":"ListItem","position":1,"name":"Hjem","item":"https:\/\/www.xn--speciallgejacobhasselbalch-6ic.dk\/"},{"@type":"ListItem","position":2,"name":"Videokonsultation"}]},{"@type":"WebSite","@id":"https:\/\/www.xn--speciallgejacobhasselbalch-6ic.dk\/#website","url":"https:\/\/www.xn--speciallgejacobhasselbalch-6ic.dk\/","name":"Speciall\u00e6geJacobHasselbalch.dk","description":"Speciall\u00e6ge i psykiatri","potentialAction":[{"@type":"SearchAction","target":{"@type":"EntryPoint","urlTemplate":"https:\/\/www.xn--speciallgejacobhasselbalch-6ic.dk\/?s={search_term_string}"},"query-input":{"@type":"PropertyValueSpecification","valueRequired":true,"valueName":"search_term_string"}}],"inLanguage":"da-DK"}]}},"_links":{"self":[{"href":"https:\/\/www.xn--speciallgejacobhasselbalch-6ic.dk\/index.php?rest_route=\/wp\/v2\/pages\/151","targetHints":{"allow":["GET"]}}],"collection":[{"href":"https:\/\/www.xn--speciallgejacobhasselbalch-6ic.dk\/index.php?rest_route=\/wp\/v2\/pages"}],"about":[{"href":"https:\/\/www.xn--speciallgejacobhasselbalch-6ic.dk\/index.php?rest_route=\/wp\/v2\/types\/page"}],"author":[{"embeddable":true,"href":"https:\/\/www.xn--speciallgejacobhasselbalch-6ic.dk\/index.php?rest_route=\/wp\/v2\/users\/1"}],"replies":[{"embeddable":true,"href":"https:\/\/www.xn--speciallgejacobhasselbalch-6ic.dk\/index.php?rest_route=%2Fwp%2Fv2%2Fcomments&post=151"}],"version-history":[{"count":67,"href":"https:\/\/www.xn--speciallgejacobhasselbalch-6ic.dk\/index.php?rest_route=\/wp\/v2\/pages\/151\/revisions"}],"predecessor-version":[{"id":674,"href":"https:\/\/www.xn--speciallgejacobhasselbalch-6ic.dk\/index.php?rest_route=\/wp\/v2\/pages\/151\/revisions\/674"}],"wp:attachment":[{"href":"https:\/\/www.xn--speciallgejacobhasselbalch-6ic.dk\/index.php?rest_route=%2Fwp%2Fv2%2Fmedia&parent=151"}],"curies":[{"name":"wp","href":"https:\/\/api.w.org\/{rel}","templated":true}]}}