{"id":89,"date":"2025-05-01T11:53:51","date_gmt":"2025-05-01T11:53:51","guid":{"rendered":"https:\/\/www.xn--speciallgejacobhasselbalch-6ic.dk\/?page_id=89"},"modified":"2025-12-01T12:58:53","modified_gmt":"2025-12-01T12:58:53","slug":"spoergeskemaer","status":"publish","type":"page","link":"https:\/\/www.xn--speciallgejacobhasselbalch-6ic.dk\/?page_id=89","title":{"rendered":"Indsendelse af dokumenter"},"content":{"rendered":"\t\t<div data-elementor-type=\"wp-page\" data-elementor-id=\"89\" class=\"elementor elementor-89\" data-elementor-post-type=\"page\">\n\t\t\t\t<div class=\"elementor-element elementor-element-5c6a83b e-flex e-con-boxed e-con e-parent\" data-id=\"5c6a83b\" data-element_type=\"container\" data-e-type=\"container\">\n\t\t\t\t\t<div class=\"e-con-inner\">\n\t\t\t\t<div class=\"elementor-element elementor-element-a3cd752 elementor-widget elementor-widget-spacer\" data-id=\"a3cd752\" data-element_type=\"widget\" data-e-type=\"widget\" data-widget_type=\"spacer.default\">\n\t\t\t\t<div class=\"elementor-widget-container\">\n\t\t\t\t\t\t\t<div class=\"elementor-spacer\">\n\t\t\t<div class=\"elementor-spacer-inner\"><\/div>\n\t\t<\/div>\n\t\t\t\t\t\t<\/div>\n\t\t\t\t<\/div>\n\t\t\t\t<div class=\"elementor-element elementor-element-e44bc43 elementor-widget elementor-widget-heading\" data-id=\"e44bc43\" data-element_type=\"widget\" data-e-type=\"widget\" data-widget_type=\"heading.default\">\n\t\t\t\t<div class=\"elementor-widget-container\">\n\t\t\t\t\t<h2 class=\"elementor-heading-title elementor-size-default\">du kan indsende dit dokument p\u00e5 dette link<\/h2>\t\t\t\t<\/div>\n\t\t\t\t<\/div>\n\t\t\t\t\t<\/div>\n\t\t\t\t<\/div>\n\t\t<div class=\"elementor-element elementor-element-6ca48d6 e-flex e-con-boxed e-con e-parent\" data-id=\"6ca48d6\" data-element_type=\"container\" data-e-type=\"container\">\n\t\t\t\t\t<div class=\"e-con-inner\">\n\t\t\t\t<div class=\"elementor-element elementor-element-e623daf elementor-widget elementor-widget-spacer\" data-id=\"e623daf\" data-element_type=\"widget\" data-e-type=\"widget\" data-widget_type=\"spacer.default\">\n\t\t\t\t<div class=\"elementor-widget-container\">\n\t\t\t\t\t\t\t<div class=\"elementor-spacer\">\n\t\t\t<div class=\"elementor-spacer-inner\"><\/div>\n\t\t<\/div>\n\t\t\t\t\t\t<\/div>\n\t\t\t\t<\/div>\n\t\t\t\t<div class=\"elementor-element elementor-element-c5c4bff elementor-widget elementor-widget-text-editor\" data-id=\"c5c4bff\" data-element_type=\"widget\" data-e-type=\"widget\" data-widget_type=\"text-editor.default\">\n\t\t\t\t<div class=\"elementor-widget-container\">\n\t\t\t\t\t\t\t\t\t<p><a href=\"https:\/\/upload-fil-portal.web.app\/formular?id=10.440_Hasselbalch\">https:\/\/upload-fil-portal.web.app\/formular?id=10.440_Hasselbalch<\/a><\/p>\t\t\t\t\t\t\t\t<\/div>\n\t\t\t\t<\/div>\n\t\t\t\t\t<\/div>\n\t\t\t\t<\/div>\n\t\t<div class=\"elementor-element elementor-element-9de7d14 e-flex e-con-boxed e-con e-parent\" data-id=\"9de7d14\" data-element_type=\"container\" data-e-type=\"container\">\n\t\t\t\t\t<div class=\"e-con-inner\">\n\t\t\t\t<div class=\"elementor-element elementor-element-2c11d3e elementor-widget elementor-widget-spacer\" data-id=\"2c11d3e\" data-element_type=\"widget\" data-e-type=\"widget\" data-widget_type=\"spacer.default\">\n\t\t\t\t<div class=\"elementor-widget-container\">\n\t\t\t\t\t\t\t<div class=\"elementor-spacer\">\n\t\t\t<div class=\"elementor-spacer-inner\"><\/div>\n\t\t<\/div>\n\t\t\t\t\t\t<\/div>\n\t\t\t\t<\/div>\n\t\t\t\t\t<\/div>\n\t\t\t\t<\/div>\n\t\t\t\t<\/div>\n\t\t","protected":false},"excerpt":{"rendered":"<p>du kan indsende dit dokument p\u00e5 dette link https:\/\/upload-fil-portal.web.app\/formular?id=10.440_Hasselbalch<\/p>\n","protected":false},"author":1,"featured_media":0,"parent":0,"menu_order":0,"comment_status":"closed","ping_status":"closed","template":"","meta":{"footnotes":""},"class_list":["post-89","page","type-page","status-publish","hentry"],"yoast_head":"<!-- This site is optimized with the Yoast SEO plugin v27.4 - https:\/\/yoast.com\/product\/yoast-seo-wordpress\/ -->\n<title>Indsendelse af dokumenter Speciall\u00e6ge Jacob Hasselbalch - Speciall\u00e6ge Jacob Hasselbalch<\/title>\n<meta name=\"description\" content=\"Speciall\u00e6ge i psykiatri Jacob Hasselbalch. Privatpraktiserende speciall\u00e6ge siden for\u00e5ret 2019. Jeg har tidligere bl.a. v\u00e6ret overl\u00e6ge i hospitalspsykiatrien og jeg har en bred klinisk erfaring.\" \/>\n<meta name=\"robots\" content=\"index, follow, max-snippet:-1, max-image-preview:large, max-video-preview:-1\" \/>\n<link rel=\"canonical\" href=\"https:\/\/www.xn--speciallgejacobhasselbalch-6ic.dk\/?page_id=89\" \/>\n<meta property=\"og:locale\" content=\"da_DK\" \/>\n<meta property=\"og:type\" content=\"article\" \/>\n<meta property=\"og:title\" content=\"Indsendelse af dokumenter Speciall\u00e6ge Jacob Hasselbalch - Speciall\u00e6ge Jacob Hasselbalch\" \/>\n<meta property=\"og:description\" content=\"Speciall\u00e6ge i psykiatri Jacob Hasselbalch. Privatpraktiserende speciall\u00e6ge siden for\u00e5ret 2019. Jeg har tidligere bl.a. v\u00e6ret overl\u00e6ge i hospitalspsykiatrien og jeg har en bred klinisk erfaring.\" \/>\n<meta property=\"og:url\" content=\"https:\/\/www.xn--speciallgejacobhasselbalch-6ic.dk\/?page_id=89\" \/>\n<meta property=\"og:site_name\" content=\"Speciall\u00e6ge Jacob Hasselbalch\" \/>\n<meta property=\"article:modified_time\" content=\"2025-12-01T12:58:53+00:00\" \/>\n<meta name=\"twitter:card\" content=\"summary_large_image\" \/>\n<meta name=\"twitter:label1\" content=\"Estimeret l\u00e6setid\" \/>\n\t<meta name=\"twitter:data1\" content=\"1 minut\" \/>\n<script type=\"application\/ld+json\" class=\"yoast-schema-graph\">{\"@context\":\"https:\\\/\\\/schema.org\",\"@graph\":[{\"@type\":\"WebPage\",\"@id\":\"https:\\\/\\\/www.xn--speciallgejacobhasselbalch-6ic.dk\\\/?page_id=89\",\"url\":\"https:\\\/\\\/www.xn--speciallgejacobhasselbalch-6ic.dk\\\/?page_id=89\",\"name\":\"Indsendelse af dokumenter Speciall\u00e6ge Jacob Hasselbalch - Speciall\u00e6ge Jacob Hasselbalch\",\"isPartOf\":{\"@id\":\"https:\\\/\\\/www.xn--speciallgejacobhasselbalch-6ic.dk\\\/#website\"},\"datePublished\":\"2025-05-01T11:53:51+00:00\",\"dateModified\":\"2025-12-01T12:58:53+00:00\",\"description\":\"Speciall\u00e6ge i psykiatri Jacob Hasselbalch. Privatpraktiserende speciall\u00e6ge siden for\u00e5ret 2019. Jeg har tidligere bl.a. v\u00e6ret overl\u00e6ge i hospitalspsykiatrien og jeg har en bred klinisk erfaring.\",\"breadcrumb\":{\"@id\":\"https:\\\/\\\/www.xn--speciallgejacobhasselbalch-6ic.dk\\\/?page_id=89#breadcrumb\"},\"inLanguage\":\"da-DK\",\"potentialAction\":[{\"@type\":\"ReadAction\",\"target\":[\"https:\\\/\\\/www.xn--speciallgejacobhasselbalch-6ic.dk\\\/?page_id=89\"]}]},{\"@type\":\"BreadcrumbList\",\"@id\":\"https:\\\/\\\/www.xn--speciallgejacobhasselbalch-6ic.dk\\\/?page_id=89#breadcrumb\",\"itemListElement\":[{\"@type\":\"ListItem\",\"position\":1,\"name\":\"Hjem\",\"item\":\"https:\\\/\\\/www.xn--speciallgejacobhasselbalch-6ic.dk\\\/\"},{\"@type\":\"ListItem\",\"position\":2,\"name\":\"Indsendelse af dokumenter\"}]},{\"@type\":\"WebSite\",\"@id\":\"https:\\\/\\\/www.xn--speciallgejacobhasselbalch-6ic.dk\\\/#website\",\"url\":\"https:\\\/\\\/www.xn--speciallgejacobhasselbalch-6ic.dk\\\/\",\"name\":\"Speciall\u00e6geJacobHasselbalch.dk\",\"description\":\"Speciall\u00e6ge i psykiatri\",\"potentialAction\":[{\"@type\":\"SearchAction\",\"target\":{\"@type\":\"EntryPoint\",\"urlTemplate\":\"https:\\\/\\\/www.xn--speciallgejacobhasselbalch-6ic.dk\\\/?s={search_term_string}\"},\"query-input\":{\"@type\":\"PropertyValueSpecification\",\"valueRequired\":true,\"valueName\":\"search_term_string\"}}],\"inLanguage\":\"da-DK\"}]}<\/script>\n<!-- \/ Yoast SEO plugin. -->","yoast_head_json":{"title":"Indsendelse af dokumenter Speciall\u00e6ge Jacob Hasselbalch - Speciall\u00e6ge Jacob Hasselbalch","description":"Speciall\u00e6ge i psykiatri Jacob Hasselbalch. Privatpraktiserende speciall\u00e6ge siden for\u00e5ret 2019. Jeg har tidligere bl.a. v\u00e6ret overl\u00e6ge i hospitalspsykiatrien og jeg har en bred klinisk erfaring.","robots":{"index":"index","follow":"follow","max-snippet":"max-snippet:-1","max-image-preview":"max-image-preview:large","max-video-preview":"max-video-preview:-1"},"canonical":"https:\/\/www.xn--speciallgejacobhasselbalch-6ic.dk\/?page_id=89","og_locale":"da_DK","og_type":"article","og_title":"Indsendelse af dokumenter Speciall\u00e6ge Jacob Hasselbalch - Speciall\u00e6ge Jacob Hasselbalch","og_description":"Speciall\u00e6ge i psykiatri Jacob Hasselbalch. Privatpraktiserende speciall\u00e6ge siden for\u00e5ret 2019. Jeg har tidligere bl.a. v\u00e6ret overl\u00e6ge i hospitalspsykiatrien og jeg har en bred klinisk erfaring.","og_url":"https:\/\/www.xn--speciallgejacobhasselbalch-6ic.dk\/?page_id=89","og_site_name":"Speciall\u00e6ge Jacob Hasselbalch","article_modified_time":"2025-12-01T12:58:53+00:00","twitter_card":"summary_large_image","twitter_misc":{"Estimeret l\u00e6setid":"1 minut"},"schema":{"@context":"https:\/\/schema.org","@graph":[{"@type":"WebPage","@id":"https:\/\/www.xn--speciallgejacobhasselbalch-6ic.dk\/?page_id=89","url":"https:\/\/www.xn--speciallgejacobhasselbalch-6ic.dk\/?page_id=89","name":"Indsendelse af dokumenter Speciall\u00e6ge Jacob Hasselbalch - Speciall\u00e6ge Jacob Hasselbalch","isPartOf":{"@id":"https:\/\/www.xn--speciallgejacobhasselbalch-6ic.dk\/#website"},"datePublished":"2025-05-01T11:53:51+00:00","dateModified":"2025-12-01T12:58:53+00:00","description":"Speciall\u00e6ge i psykiatri Jacob Hasselbalch. Privatpraktiserende speciall\u00e6ge siden for\u00e5ret 2019. Jeg har tidligere bl.a. v\u00e6ret overl\u00e6ge i hospitalspsykiatrien og jeg har en bred klinisk erfaring.","breadcrumb":{"@id":"https:\/\/www.xn--speciallgejacobhasselbalch-6ic.dk\/?page_id=89#breadcrumb"},"inLanguage":"da-DK","potentialAction":[{"@type":"ReadAction","target":["https:\/\/www.xn--speciallgejacobhasselbalch-6ic.dk\/?page_id=89"]}]},{"@type":"BreadcrumbList","@id":"https:\/\/www.xn--speciallgejacobhasselbalch-6ic.dk\/?page_id=89#breadcrumb","itemListElement":[{"@type":"ListItem","position":1,"name":"Hjem","item":"https:\/\/www.xn--speciallgejacobhasselbalch-6ic.dk\/"},{"@type":"ListItem","position":2,"name":"Indsendelse af dokumenter"}]},{"@type":"WebSite","@id":"https:\/\/www.xn--speciallgejacobhasselbalch-6ic.dk\/#website","url":"https:\/\/www.xn--speciallgejacobhasselbalch-6ic.dk\/","name":"Speciall\u00e6geJacobHasselbalch.dk","description":"Speciall\u00e6ge i psykiatri","potentialAction":[{"@type":"SearchAction","target":{"@type":"EntryPoint","urlTemplate":"https:\/\/www.xn--speciallgejacobhasselbalch-6ic.dk\/?s={search_term_string}"},"query-input":{"@type":"PropertyValueSpecification","valueRequired":true,"valueName":"search_term_string"}}],"inLanguage":"da-DK"}]}},"_links":{"self":[{"href":"https:\/\/www.xn--speciallgejacobhasselbalch-6ic.dk\/index.php?rest_route=\/wp\/v2\/pages\/89","targetHints":{"allow":["GET"]}}],"collection":[{"href":"https:\/\/www.xn--speciallgejacobhasselbalch-6ic.dk\/index.php?rest_route=\/wp\/v2\/pages"}],"about":[{"href":"https:\/\/www.xn--speciallgejacobhasselbalch-6ic.dk\/index.php?rest_route=\/wp\/v2\/types\/page"}],"author":[{"embeddable":true,"href":"https:\/\/www.xn--speciallgejacobhasselbalch-6ic.dk\/index.php?rest_route=\/wp\/v2\/users\/1"}],"replies":[{"embeddable":true,"href":"https:\/\/www.xn--speciallgejacobhasselbalch-6ic.dk\/index.php?rest_route=%2Fwp%2Fv2%2Fcomments&post=89"}],"version-history":[{"count":26,"href":"https:\/\/www.xn--speciallgejacobhasselbalch-6ic.dk\/index.php?rest_route=\/wp\/v2\/pages\/89\/revisions"}],"predecessor-version":[{"id":776,"href":"https:\/\/www.xn--speciallgejacobhasselbalch-6ic.dk\/index.php?rest_route=\/wp\/v2\/pages\/89\/revisions\/776"}],"wp:attachment":[{"href":"https:\/\/www.xn--speciallgejacobhasselbalch-6ic.dk\/index.php?rest_route=%2Fwp%2Fv2%2Fmedia&parent=89"}],"curies":[{"name":"wp","href":"https:\/\/api.w.org\/{rel}","templated":true}]}}